{"id":1855,"date":"2023-07-10T00:33:54","date_gmt":"2023-07-10T03:33:54","guid":{"rendered":"https:\/\/aantenada.com.br\/?page_id=1855"},"modified":"2024-02-16T01:53:55","modified_gmt":"2024-02-16T04:53:55","slug":"isencao-de-responsabilidade","status":"publish","type":"page","link":"https:\/\/aantenada.com.br\/index.php\/isencao-de-responsabilidade\/","title":{"rendered":"Isen\u00e7\u00e3o de responsabilidade"},"content":{"rendered":"\r\n\r\n\r\n\r\n\r\n<h2 class=\"wp-block-heading\">1. Isen\u00e7\u00e3o de Responsabilidade<\/h2>\r\n\r\n\r\n\r\n<p>Os materiais no website da &#8220;A Antenada&#8221; s\u00e3o fornecidos &#8220;como est\u00e3o&#8221;. &#8220;A Antenada&#8221; n\u00e3o oferece garantias, expressas ou impl\u00edcitas, e por meio deste documento isenta-se e nega todas as outras garantias, incluindo, sem limita\u00e7\u00e3o, garantias impl\u00edcitas ou condi\u00e7\u00f5es de comercializa\u00e7\u00e3o, adequa\u00e7\u00e3o a um fim espec\u00edfico ou n\u00e3o viola\u00e7\u00e3o de propriedade intelectual ou outra viola\u00e7\u00e3o de direitos.<\/p>\r\n\r\n\r\n\r\n<p>Al\u00e9m disso, o website da &#8220;A Antenada&#8221; n\u00e3o garante ou faz qualquer representa\u00e7\u00e3o relativa \u00e0 precis\u00e3o, aos resultados prov\u00e1veis ou \u00e0 confiabilidade do uso dos materiais em seu website ou de qualquer forma relacionados a esses materiais ou a sites vinculados a este website.<\/p>\r\n\r\n\r\n\r\n<h2 class=\"wp-block-heading\">2. Limita\u00e7\u00f5es<\/h2>\r\n\r\n\r\n\r\n<p>Sob nenhuma circunst\u00e2ncia, o website &#8220;A Antenada&#8221; ou seus fornecedores assumir\u00e3o a responsabilidade por quaisquer danos decorrentes do uso ou da incapacidade de uso dos materiais de &#8220;A Antenada&#8221;, incluindo, mas n\u00e3o se limitando a danos por perda de dados, lucros ou interrup\u00e7\u00e3o dos neg\u00f3cios. Mesmo que tenha ocorrido a notifica\u00e7\u00e3o oral ou escrita ao website &#8220;A Antenada&#8221; ou um representante autorizado de &#8220;A Antenada&#8221; sobre a possibilidade de tais danos. Como algumas jurisdi\u00e7\u00f5es n\u00e3o permitem limita\u00e7\u00f5es em garantias impl\u00edcitas, ou limita\u00e7\u00f5es de responsabilidade por danos consequenciais ou incidentais, essas limita\u00e7\u00f5es podem n\u00e3o se aplicar a voc\u00ea.<\/p>\r\n\r\n\r\n\r\n<h2 class=\"wp-block-heading\">3. Precis\u00e3o dos materiais<\/h2>\r\n\r\n\r\n\r\n<p>Os materiais exibidos no site &#8220;A Antenada&#8221; podem conter erros t\u00e9cnicos, tipogr\u00e1ficos ou fotogr\u00e1ficos. N\u00e3o h\u00e1 garantia de que qualquer material presente no site seja preciso, completo ou atualizado. A Antenada reserva-se o direito de realizar altera\u00e7\u00f5es nos materiais do site, a qualquer momento e sem aviso pr\u00e9vio. No entanto, n\u00e3o h\u00e1 compromisso por parte do site &#8220;A Antenada&#8221; em atualizar tais materiais.<\/p>\r\n\r\n\r\n\r\n<h2 class=\"wp-block-heading\">4. Links externos<\/h2>\r\n\r\n\r\n\r\n<p>O site &#8220;A Antenada&#8221; n\u00e3o revisou todos os sites vinculados a ele e n\u00e3o se responsabiliza pelo conte\u00fado de qualquer site vinculado. A inclus\u00e3o de qualquer link n\u00e3o implica em endosso por parte da &#8220;A Antenada&#8221;. O uso de qualquer site vinculado \u00e9 de responsabilidade exclusiva do usu\u00e1rio.<\/p>\r\n\r\n\r\n\r\n<h2 class=\"wp-block-heading\">5. Modifica\u00e7\u00f5es<\/h2>\r\n\r\n\r\n\r\n<p>Os termos de servi\u00e7o do site &#8220;A Antenada&#8221; podem ser revisados a qualquer momento, sem aviso pr\u00e9vio. Ao utilizar este site, voc\u00ea concorda em ficar vinculado \u00e0 vers\u00e3o atualizada desses termos de servi\u00e7o.<\/p>\r\n<h2>6. Aconselhamento Profissional<\/h2>\r\n<p>O conte\u00fado deste site n\u00e3o se destina a substituir o aconselhamento profissional, incluindo, entre outros, aconselhamento m\u00e9dico, est\u00e9tico, nutricional ou qualquer outra area t\u00e9cnica. Portanto, procure sempre o aconselhamento de um profissional qualificado para qualquer d\u00favida que possa ter sobre os conte\u00fados deste site como: tratamentos est\u00e9ticos, tatuagens, viagens,\u00a0 impacto ambiental ou quaisquer outras quest\u00f5es relacionadas com o conte\u00fado do site.<\/p>\r\n\r\n\r\n\r\n<h2 class=\"wp-block-heading\">7. Uso da Licen\u00e7a<\/h2>\r\n<p>\r\n\r\n<\/p>\r\n<p>Permite-se baixar temporariamente uma c\u00f3pia dos materiais (informa\u00e7\u00f5es ou software) no website &#8220;A Antenada&#8221;, apenas para visualiza\u00e7\u00e3o transit\u00f3ria pessoal e n\u00e3o comercial. Isso constitui a concess\u00e3o de uma licen\u00e7a, n\u00e3o uma transfer\u00eancia de t\u00edtulo, e sob esta licen\u00e7a, voc\u00ea n\u00e3o pode:<\/p>\r\n<p>\r\n\r\n<\/p>\r\n<ul class=\"wp-block-list\">\r\n<li>Modificar ou copiar os materiais.<\/li>\r\n\r\n\r\n\r\n<li>Utilizar os materiais para qualquer finalidade comercial ou para exibi\u00e7\u00e3o p\u00fablica (comercial ou n\u00e3o comercial).<\/li>\r\n\r\n\r\n\r\n<li>Tentar descompilar ou fazer engenharia reversa de qualquer software contido no website &#8220;A Antenada&#8221;.<\/li>\r\n\r\n\r\n\r\n<li>Remover quaisquer direitos autorais ou outras nota\u00e7\u00f5es de propriedade dos materiais.<\/li>\r\n\r\n\r\n\r\n<li>Transferir os materiais para outra pessoa ou &#8220;espelhar&#8221; os materiais em qualquer outro servidor.<\/li>\r\n<\/ul>\r\n<p>\r\n\r\n<\/p>\r\n<p>Esta licen\u00e7a ser\u00e1 automaticamente rescindida se voc\u00ea violar alguma dessas restri\u00e7\u00f5es e poder\u00e1 ser rescindida por &#8220;A Antenada&#8221; a qualquer momento. Voc\u00ea deve apagar ou eliminar o conte\u00fado em sua posse ao encerrar a visualiza\u00e7\u00e3o desses materiais ou ap\u00f3s o t\u00e9rmino desta licen\u00e7a, sejam os materiais virtuais ou impressos.<\/p>\r\n<p>Ao utilizar este site, voc\u00ea concorda com estes termos e condi\u00e7\u00f5es. Portanto, se discordar de qualquer parte deste aviso, recomendamos evitar o uso do nosso site.<\/p>\r\n","protected":false},"excerpt":{"rendered":"<p>1. Isen\u00e7\u00e3o de Responsabilidade Os materiais no website da &#8220;A Antenada&#8221; s\u00e3o fornecidos &#8220;como est\u00e3o&#8221;. &#8220;A Antenada&#8221; n\u00e3o oferece garantias, expressas ou impl\u00edcitas, e por meio deste documento isenta-se e nega todas as outras garantias, incluindo, sem limita\u00e7\u00e3o, garantias impl\u00edcitas ou condi\u00e7\u00f5es de comercializa\u00e7\u00e3o, adequa\u00e7\u00e3o a um fim espec\u00edfico ou n\u00e3o viola\u00e7\u00e3o de propriedade intelectual&hellip;&nbsp;<a href=\"https:\/\/aantenada.com.br\/index.php\/isencao-de-responsabilidade\/\" rel=\"bookmark\">Continue a ler &raquo;<span class=\"screen-reader-text\">Isen\u00e7\u00e3o de responsabilidade<\/span><\/a><\/p>\n","protected":false},"author":1,"featured_media":0,"parent":0,"menu_order":0,"comment_status":"closed","ping_status":"closed","template":"","meta":{"neve_meta_sidebar":"","neve_meta_container":"","neve_meta_enable_content_width":"off","neve_meta_content_width":100,"neve_meta_title_alignment":"","neve_meta_author_avatar":"","neve_post_elements_order":"","neve_meta_disable_header":"","neve_meta_disable_footer":"","neve_meta_disable_title":"","footnotes":""},"class_list":["post-1855","page","type-page","status-publish","hentry"],"yoast_head":"<!-- This site is optimized with the Yoast SEO plugin v27.4 - https:\/\/yoast.com\/product\/yoast-seo-wordpress\/ -->\n<title>Isen\u00e7\u00e3o de responsabilidade -<\/title>\n<meta name=\"description\" content=\"Nesta p\u00e1gina voc\u00ea encontra todas as informa\u00e7\u00f5es que voc\u00ea precisa saber sobre isen\u00e7\u00e3o de responsabilidade e termos de uso do website Aantenada\" \/>\n<meta name=\"robots\" content=\"index, follow, max-snippet:-1, max-image-preview:large, max-video-preview:-1\" \/>\n<link rel=\"canonical\" href=\"https:\/\/aantenada.com.br\/index.php\/isencao-de-responsabilidade\/\" \/>\n<meta property=\"og:locale\" content=\"pt_BR\" \/>\n<meta property=\"og:type\" content=\"article\" \/>\n<meta property=\"og:title\" content=\"Isen\u00e7\u00e3o de responsabilidade -\" \/>\n<meta property=\"og:description\" content=\"Nesta p\u00e1gina voc\u00ea encontra todas as informa\u00e7\u00f5es que voc\u00ea precisa saber sobre isen\u00e7\u00e3o de responsabilidade e termos de uso do website Aantenada\" \/>\n<meta property=\"og:url\" content=\"https:\/\/aantenada.com.br\/index.php\/isencao-de-responsabilidade\/\" \/>\n<meta property=\"article:publisher\" content=\"https:\/\/www.facebook.com\/profile.php?id=100092620668940\" \/>\n<meta property=\"article:modified_time\" content=\"2024-02-16T04:53:55+00:00\" \/>\n<meta name=\"twitter:card\" content=\"summary_large_image\" \/>\n<meta name=\"twitter:site\" content=\"@aantenadablog\" \/>\n<meta name=\"twitter:label1\" content=\"Est. tempo de leitura\" \/>\n\t<meta name=\"twitter:data1\" content=\"4 minutos\" \/>\n<script type=\"application\/ld+json\" class=\"yoast-schema-graph\">{\"@context\":\"https:\\\/\\\/schema.org\",\"@graph\":[{\"@type\":\"WebPage\",\"@id\":\"https:\\\/\\\/aantenada.com.br\\\/index.php\\\/isencao-de-responsabilidade\\\/\",\"url\":\"https:\\\/\\\/aantenada.com.br\\\/index.php\\\/isencao-de-responsabilidade\\\/\",\"name\":\"Isen\u00e7\u00e3o de responsabilidade -\",\"isPartOf\":{\"@id\":\"https:\\\/\\\/aantenada.com.br\\\/#website\"},\"datePublished\":\"2023-07-10T03:33:54+00:00\",\"dateModified\":\"2024-02-16T04:53:55+00:00\",\"description\":\"Nesta p\u00e1gina voc\u00ea encontra todas as informa\u00e7\u00f5es que voc\u00ea precisa saber sobre isen\u00e7\u00e3o de responsabilidade e termos de uso do website Aantenada\",\"breadcrumb\":{\"@id\":\"https:\\\/\\\/aantenada.com.br\\\/index.php\\\/isencao-de-responsabilidade\\\/#breadcrumb\"},\"inLanguage\":\"pt-BR\",\"potentialAction\":[{\"@type\":\"ReadAction\",\"target\":[\"https:\\\/\\\/aantenada.com.br\\\/index.php\\\/isencao-de-responsabilidade\\\/\"]}]},{\"@type\":\"BreadcrumbList\",\"@id\":\"https:\\\/\\\/aantenada.com.br\\\/index.php\\\/isencao-de-responsabilidade\\\/#breadcrumb\",\"itemListElement\":[{\"@type\":\"ListItem\",\"position\":1,\"name\":\"In\u00edcio\",\"item\":\"https:\\\/\\\/aantenada.com.br\\\/\"},{\"@type\":\"ListItem\",\"position\":2,\"name\":\"Isen\u00e7\u00e3o de responsabilidade\"}]},{\"@type\":\"WebSite\",\"@id\":\"https:\\\/\\\/aantenada.com.br\\\/#website\",\"url\":\"https:\\\/\\\/aantenada.com.br\\\/\",\"name\":\"\",\"description\":\"Seu portal de moda, beleza, entretenimento e estilo de vida\",\"publisher\":{\"@id\":\"https:\\\/\\\/aantenada.com.br\\\/#\\\/schema\\\/person\\\/ec03ee8eb0870d93005a89d09ed349fa\"},\"potentialAction\":[{\"@type\":\"SearchAction\",\"target\":{\"@type\":\"EntryPoint\",\"urlTemplate\":\"https:\\\/\\\/aantenada.com.br\\\/?s={search_term_string}\"},\"query-input\":{\"@type\":\"PropertyValueSpecification\",\"valueRequired\":true,\"valueName\":\"search_term_string\"}}],\"inLanguage\":\"pt-BR\"},{\"@type\":[\"Person\",\"Organization\"],\"@id\":\"https:\\\/\\\/aantenada.com.br\\\/#\\\/schema\\\/person\\\/ec03ee8eb0870d93005a89d09ed349fa\",\"name\":\"Liliane\",\"image\":{\"@type\":\"ImageObject\",\"inLanguage\":\"pt-BR\",\"@id\":\"https:\\\/\\\/aantenada.com.br\\\/wp-content\\\/uploads\\\/2023\\\/05\\\/Logo.png\",\"url\":\"https:\\\/\\\/aantenada.com.br\\\/wp-content\\\/uploads\\\/2023\\\/05\\\/Logo.png\",\"contentUrl\":\"https:\\\/\\\/aantenada.com.br\\\/wp-content\\\/uploads\\\/2023\\\/05\\\/Logo.png\",\"width\":407,\"height\":257,\"caption\":\"Liliane\"},\"logo\":{\"@id\":\"https:\\\/\\\/aantenada.com.br\\\/wp-content\\\/uploads\\\/2023\\\/05\\\/Logo.png\"},\"sameAs\":[\"http:\\\/\\\/aantenada.com.br\",\"https:\\\/\\\/www.facebook.com\\\/profile.php?id=100092620668940\",\"https:\\\/\\\/www.instagram.com\\\/aantenadablog\\\/\",\"https:\\\/\\\/br.pinterest.com\\\/aantenadafashionblog\\\/\",\"https:\\\/\\\/x.com\\\/https:\\\/\\\/twitter.com\\\/aantenadablog\"]}]}<\/script>\n<!-- \/ Yoast SEO plugin. -->","yoast_head_json":{"title":"Isen\u00e7\u00e3o de responsabilidade -","description":"Nesta p\u00e1gina voc\u00ea encontra todas as informa\u00e7\u00f5es que voc\u00ea precisa saber sobre isen\u00e7\u00e3o de responsabilidade e termos de uso do website Aantenada","robots":{"index":"index","follow":"follow","max-snippet":"max-snippet:-1","max-image-preview":"max-image-preview:large","max-video-preview":"max-video-preview:-1"},"canonical":"https:\/\/aantenada.com.br\/index.php\/isencao-de-responsabilidade\/","og_locale":"pt_BR","og_type":"article","og_title":"Isen\u00e7\u00e3o de responsabilidade -","og_description":"Nesta p\u00e1gina voc\u00ea encontra todas as informa\u00e7\u00f5es que voc\u00ea precisa saber sobre isen\u00e7\u00e3o de responsabilidade e termos de uso do website Aantenada","og_url":"https:\/\/aantenada.com.br\/index.php\/isencao-de-responsabilidade\/","article_publisher":"https:\/\/www.facebook.com\/profile.php?id=100092620668940","article_modified_time":"2024-02-16T04:53:55+00:00","twitter_card":"summary_large_image","twitter_site":"@aantenadablog","twitter_misc":{"Est. tempo de leitura":"4 minutos"},"schema":{"@context":"https:\/\/schema.org","@graph":[{"@type":"WebPage","@id":"https:\/\/aantenada.com.br\/index.php\/isencao-de-responsabilidade\/","url":"https:\/\/aantenada.com.br\/index.php\/isencao-de-responsabilidade\/","name":"Isen\u00e7\u00e3o de responsabilidade -","isPartOf":{"@id":"https:\/\/aantenada.com.br\/#website"},"datePublished":"2023-07-10T03:33:54+00:00","dateModified":"2024-02-16T04:53:55+00:00","description":"Nesta p\u00e1gina voc\u00ea encontra todas as informa\u00e7\u00f5es que voc\u00ea precisa saber sobre isen\u00e7\u00e3o de responsabilidade e termos de uso do website Aantenada","breadcrumb":{"@id":"https:\/\/aantenada.com.br\/index.php\/isencao-de-responsabilidade\/#breadcrumb"},"inLanguage":"pt-BR","potentialAction":[{"@type":"ReadAction","target":["https:\/\/aantenada.com.br\/index.php\/isencao-de-responsabilidade\/"]}]},{"@type":"BreadcrumbList","@id":"https:\/\/aantenada.com.br\/index.php\/isencao-de-responsabilidade\/#breadcrumb","itemListElement":[{"@type":"ListItem","position":1,"name":"In\u00edcio","item":"https:\/\/aantenada.com.br\/"},{"@type":"ListItem","position":2,"name":"Isen\u00e7\u00e3o de responsabilidade"}]},{"@type":"WebSite","@id":"https:\/\/aantenada.com.br\/#website","url":"https:\/\/aantenada.com.br\/","name":"","description":"Seu portal de moda, beleza, entretenimento e estilo de vida","publisher":{"@id":"https:\/\/aantenada.com.br\/#\/schema\/person\/ec03ee8eb0870d93005a89d09ed349fa"},"potentialAction":[{"@type":"SearchAction","target":{"@type":"EntryPoint","urlTemplate":"https:\/\/aantenada.com.br\/?s={search_term_string}"},"query-input":{"@type":"PropertyValueSpecification","valueRequired":true,"valueName":"search_term_string"}}],"inLanguage":"pt-BR"},{"@type":["Person","Organization"],"@id":"https:\/\/aantenada.com.br\/#\/schema\/person\/ec03ee8eb0870d93005a89d09ed349fa","name":"Liliane","image":{"@type":"ImageObject","inLanguage":"pt-BR","@id":"https:\/\/aantenada.com.br\/wp-content\/uploads\/2023\/05\/Logo.png","url":"https:\/\/aantenada.com.br\/wp-content\/uploads\/2023\/05\/Logo.png","contentUrl":"https:\/\/aantenada.com.br\/wp-content\/uploads\/2023\/05\/Logo.png","width":407,"height":257,"caption":"Liliane"},"logo":{"@id":"https:\/\/aantenada.com.br\/wp-content\/uploads\/2023\/05\/Logo.png"},"sameAs":["http:\/\/aantenada.com.br","https:\/\/www.facebook.com\/profile.php?id=100092620668940","https:\/\/www.instagram.com\/aantenadablog\/","https:\/\/br.pinterest.com\/aantenadafashionblog\/","https:\/\/x.com\/https:\/\/twitter.com\/aantenadablog"]}]}},"_links":{"self":[{"href":"https:\/\/aantenada.com.br\/index.php\/wp-json\/wp\/v2\/pages\/1855","targetHints":{"allow":["GET"]}}],"collection":[{"href":"https:\/\/aantenada.com.br\/index.php\/wp-json\/wp\/v2\/pages"}],"about":[{"href":"https:\/\/aantenada.com.br\/index.php\/wp-json\/wp\/v2\/types\/page"}],"author":[{"embeddable":true,"href":"https:\/\/aantenada.com.br\/index.php\/wp-json\/wp\/v2\/users\/1"}],"replies":[{"embeddable":true,"href":"https:\/\/aantenada.com.br\/index.php\/wp-json\/wp\/v2\/comments?post=1855"}],"version-history":[{"count":6,"href":"https:\/\/aantenada.com.br\/index.php\/wp-json\/wp\/v2\/pages\/1855\/revisions"}],"predecessor-version":[{"id":4599,"href":"https:\/\/aantenada.com.br\/index.php\/wp-json\/wp\/v2\/pages\/1855\/revisions\/4599"}],"wp:attachment":[{"href":"https:\/\/aantenada.com.br\/index.php\/wp-json\/wp\/v2\/media?parent=1855"}],"curies":[{"name":"wp","href":"https:\/\/api.w.org\/{rel}","templated":true}]}}