{"id":8501,"date":"2024-11-08T20:29:02","date_gmt":"2024-11-08T23:29:02","guid":{"rendered":"https:\/\/aantenada.com.br\/?page_id=8501"},"modified":"2024-11-08T22:31:28","modified_gmt":"2024-11-09T01:31:28","slug":"conheca-os-apps-mais-legais-para-testar-cortes-de-cabelo-curto","status":"publish","type":"page","link":"https:\/\/aantenada.com.br\/index.php\/conheca-os-apps-mais-legais-para-testar-cortes-de-cabelo-curto\/","title":{"rendered":"Conhe\u00e7a os Apps mais Legais para Testar Cortes de Cabelo Curto"},"content":{"rendered":"\n<p>Pensando em dar uma renovada no visual e apostar em um corte de cabelo curto? Hoje em dia, voc\u00ea pode testar como ficaria com o novo estilo antes de encarar a tesoura! V\u00e1rios aplicativos permitem simula\u00e7\u00f5es super realistas, mostrando como o corte curto pode valorizar seu rosto. Vamos conferir alguns dos melhores apps para experimentar o look e como cada um deles funciona!<\/p>\n\n\n\n<h4 class=\"wp-block-heading\">1. FaceApp: Transforma\u00e7\u00e3o com Intelig\u00eancia Artificial<\/h4>\n\n\n\n<p>O FaceApp \u00e9 um velho conhecido de quem adora testar visuais diferentes. Com a ajuda da intelig\u00eancia artificial, o app permite aplicar cortes curtos, entre outras transforma\u00e7\u00f5es divertidas como mudan\u00e7as de idade e g\u00eanero. As simula\u00e7\u00f5es s\u00e3o bem fi\u00e9is, ajustando sombra e ilumina\u00e7\u00e3o para combinar com seus tra\u00e7os faciais.<\/p>\n\n\n\n<p><strong>Destaques:<\/strong><\/p>\n\n\n\n<ul class=\"wp-block-list\">\n<li>Simula\u00e7\u00f5es realistas com ajustes de sombra.<\/li>\n\n\n\n<li>F\u00e1cil de usar e com efeitos autom\u00e1ticos.<\/li>\n\n\n\n<li>Dispon\u00edvel para iOS e Android.<\/li>\n<\/ul>\n\n\n\n<p><strong>Ideal para:<\/strong> Quem quer ver uma transforma\u00e7\u00e3o realista e detalhada no visual, de forma r\u00e1pida e pr\u00e1tica.<\/p>\n\n\n\n<div class=\"wp-block-buttons is-content-justification-center is-layout-flex wp-container-core-buttons-is-layout-16018d1d wp-block-buttons-is-layout-flex\">\n<div class=\"wp-block-button is-style-primary\"><a class=\"wp-block-button__link wp-element-button\" href=\"https:\/\/play.google.com\/store\/apps\/details?id=io.faceapp\">Baixar FaceApp para Android<\/a><\/div>\n\n\n\n<div class=\"wp-block-button is-style-primary\"><a class=\"wp-block-button__link wp-element-button\" href=\"https:\/\/apps.apple.com\/us\/app\/faceapp-perfect-face-editor\/id1180884341?ppid=a3f1c096-6803-4e78-b423-3959b8b54824\">Baixar FaceApp para Iphone<\/a><\/div>\n<\/div>\n\n\n\n<div style=\"height:25px\" aria-hidden=\"true\" class=\"wp-block-spacer\"><\/div>\n\n\n\n<h4 class=\"wp-block-heading\">2. YouCam Makeup: Cortes e Cores ao Vivo<\/h4>\n\n\n\n<p>Mais conhecido por suas funcionalidades de maquiagem virtual, o YouCam Makeup tamb\u00e9m permite experimentar cortes curtos em tempo real. Al\u00e9m disso, voc\u00ea pode brincar com cores de cabelo para ver como ficaria com um novo tom.<\/p>\n\n\n\n<p><strong>Destaques:<\/strong><\/p>\n\n\n\n<ul class=\"wp-block-list\">\n<li>Simula\u00e7\u00e3o ao vivo usando a c\u00e2mera frontal.<\/li>\n\n\n\n<li>Ajuste de comprimento e cor.<\/li>\n\n\n\n<li>Suporte forte em v\u00e1rias regi\u00f5es, incluindo Am\u00e9rica do Norte e Europa.<\/li>\n<\/ul>\n\n\n\n<p><strong>Ideal para:<\/strong> Quem quer testar cortes curtos e colora\u00e7\u00f5es de maneira interativa, sem perder a naturalidade.<a href=\"\"><\/a><\/p>\n\n\n\n<div class=\"wp-block-buttons is-content-justification-center is-layout-flex wp-container-core-buttons-is-layout-16018d1d wp-block-buttons-is-layout-flex\">\n<div class=\"wp-block-button is-style-primary\"><a class=\"wp-block-button__link wp-element-button\" href=\"https:\/\/play.google.com\/store\/apps\/details?id=com.cyberlink.youcammakeup\">Baixar YouCam Makeup para Android<\/a><\/div>\n\n\n\n<div class=\"wp-block-button is-style-primary\"><a class=\"wp-block-button__link wp-element-button\" href=\"https:\/\/apps.apple.com\/us\/app\/youcam-video-ai-makeup-editor\/id1536076386\">Baixar YouCam Makeup para Iphone<\/a><\/div>\n<\/div>\n\n\n\n<div style=\"height:25px\" aria-hidden=\"true\" class=\"wp-block-spacer\"><\/div>\n\n\n\n<h4 class=\"wp-block-heading\">3. Fotor: Edi\u00e7\u00e3o de Imagem e Estilos de Cabelo<\/h4>\n\n\n\n<p>O Fotor \u00e9 um aplicativo poderoso para quem deseja experimentar diferentes estilos de cabelo e realizar edi\u00e7\u00f5es de imagem de forma intuitiva. Com recursos de edi\u00e7\u00e3o avan\u00e7ados, ele permite que os usu\u00e1rios apliquem cortes e cores de cabelo em suas fotos de maneira realista.<\/p>\n\n\n\n<p><strong>Destaques:<\/strong><\/p>\n\n\n\n<ul class=\"wp-block-list\">\n<li><strong>Interface Amig\u00e1vel<\/strong>: O Fotor possui uma interface f\u00e1cil de usar, permitindo que qualquer pessoa edite suas fotos com apenas alguns cliques.<\/li>\n\n\n\n<li><strong>Recursos Avan\u00e7ados de Edi\u00e7\u00e3o<\/strong>: Al\u00e9m de simular cortes de cabelo, o app oferece ferramentas para ajustar brilho, contraste e satura\u00e7\u00e3o.<\/li>\n\n\n\n<li><strong>Compatibilidade<\/strong>: Dispon\u00edvel para dispositivos iOS e Android, o Fotor \u00e9 acess\u00edvel para uma ampla gama de usu\u00e1rios.<\/li>\n\n\n\n<li><strong>Efeitos Criativos<\/strong>: Os usu\u00e1rios podem aplicar diversos efeitos para personalizar ainda mais suas imagens.<\/li>\n<\/ul>\n\n\n\n<p><strong>Ideal para:<\/strong> Quem busca n\u00e3o apenas simular cortes de cabelo, mas tamb\u00e9m deseja aprimorar suas fotos com ferramentas de edi\u00e7\u00e3o vers\u00e1teis e criativas.<strong>Ideal para:<\/strong> Quem procura uma experi\u00eancia avan\u00e7ada, visualizando cortes em 3D para uma no\u00e7\u00e3o completa do resultado.<a href=\"\"><\/a><\/p>\n\n\n\n<div class=\"wp-block-buttons is-content-justification-center is-layout-flex wp-container-core-buttons-is-layout-16018d1d wp-block-buttons-is-layout-flex\">\n<div class=\"wp-block-button is-style-primary\"><a class=\"wp-block-button__link wp-element-button\" href=\"https:\/\/play.google.com\/store\/apps\/details?id=com.everimaging.photoeffectstudio\">Baixar Fotor para Android<\/a><\/div>\n\n\n\n<div class=\"wp-block-button is-style-primary\"><a class=\"wp-block-button__link wp-element-button\" href=\"https:\/\/apps.apple.com\/us\/app\/fotor-ai-photo-editor\/id440159265\">Baixar Fotor para Iphone<\/a><\/div>\n<\/div>\n\n\n\n<div style=\"height:25px\" aria-hidden=\"true\" class=\"wp-block-spacer\"><\/div>\n\n\n\n<h4 class=\"wp-block-heading\">4. Hair Zapp: Avalia\u00e7\u00f5es e Comunidade<\/h4>\n\n\n\n<p>O Hair Zapp \u00e9 perfeito para quem gosta de experimentar visuais e ouvir opini\u00f5es. O app permite compartilhar suas simula\u00e7\u00f5es de corte com outros usu\u00e1rios, que podem ajudar a escolher o estilo mais adequado para voc\u00ea.<\/p>\n\n\n\n<p><strong>Destaques:<\/strong><\/p>\n\n\n\n<ul class=\"wp-block-list\">\n<li>Comunidade ativa para feedback.<\/li>\n\n\n\n<li>Estilos variados de v\u00e1rias partes do mundo.<\/li>\n\n\n\n<li>Funciona bem em iOS.<\/li>\n<\/ul>\n\n\n\n<p><strong>Ideal para:<\/strong> Quem valoriza a opini\u00e3o de terceiros na hora de escolher um novo corte e quer explorar tend\u00eancias internacionais.<\/p>\n\n\n\n<div class=\"wp-block-buttons is-content-justification-center is-layout-flex wp-container-core-buttons-is-layout-16018d1d wp-block-buttons-is-layout-flex\">\n<div class=\"wp-block-button is-style-primary\"><a class=\"wp-block-button__link wp-element-button\" href=\"https:\/\/apps.apple.com\/us\/app\/hair-zapp\/id589341377\">Baixar Hair Zapp para Iphone<\/a><\/div>\n<\/div>\n\n\n\n<div style=\"height:25px\" aria-hidden=\"true\" class=\"wp-block-spacer\"><\/div>\n\n\n\n<h4 class=\"wp-block-heading\">5. Hairstyle Try On: Simplicidade com V\u00e1rias Op\u00e7\u00f5es de Cortes Curtos<\/h4>\n\n\n\n<p>O Hairstyle Try On \u00e9 um app direto ao ponto, com v\u00e1rias op\u00e7\u00f5es de cortes curtos para voc\u00ea experimentar. Basta carregar uma foto sua e testar diferentes estilos de maneira pr\u00e1tica.<\/p>\n\n\n\n<p><strong>Destaques:<\/strong><\/p>\n\n\n\n<ul class=\"wp-block-list\">\n<li>Interface f\u00e1cil de usar e com grande variedade de estilos.<\/li>\n\n\n\n<li>Op\u00e7\u00e3o de salvar e comparar cortes.<\/li>\n\n\n\n<li>Dispon\u00edvel para iOS, com uma vers\u00e3o para Android em breve.<\/li>\n<\/ul>\n\n\n\n<p><strong>Ideal para:<\/strong> Quem quer um app simples e funcional, com v\u00e1rias op\u00e7\u00f5es de cortes para decidir rapidamente o visual.<a href=\"\"><\/a><\/p>\n\n\n\n<div class=\"wp-block-buttons is-content-justification-center is-layout-flex wp-container-core-buttons-is-layout-16018d1d wp-block-buttons-is-layout-flex\">\n<div class=\"wp-block-button is-style-primary\"><a class=\"wp-block-button__link wp-element-button\" href=\"https:\/\/play.google.com\/store\/apps\/details?id=com.hair_flutter\">Baixar Hairstyle Try On para Android<\/a><\/div>\n\n\n\n<div class=\"wp-block-button is-style-primary\"><a class=\"wp-block-button__link wp-element-button\" href=\"https:\/\/apps.apple.com\/us\/app\/hairstyle-try-on\/id295436048\">Baixar Hairstyle Try On para Iphone<\/a><\/div>\n<\/div>\n\n\n\n<div style=\"height:25px\" aria-hidden=\"true\" class=\"wp-block-spacer\"><\/div>\n\n\n\n<h3 class=\"wp-block-heading\">Perguntas Frequentes<\/h3>\n\n\n\n<p><strong>Esses apps s\u00e3o gratuitos?<\/strong><br>A maioria oferece uma vers\u00e3o gratuita com funcionalidades b\u00e1sicas. Algumas op\u00e7\u00f5es avan\u00e7adas e recursos premium podem ser pagos, como simula\u00e7\u00f5es com mais precis\u00e3o e diferentes cores.<\/p>\n\n\n\n<p><strong>As simula\u00e7\u00f5es s\u00e3o realistas?<\/strong><br>Sim! Aplicativos como FaceApp e Style My Hair usam IA e tecnologia 3D para garantir uma experi\u00eancia bastante fiel, especialmente em fotos de boa qualidade.<\/p>\n\n\n\n<p><strong>Posso compartilhar as fotos geradas no app?<\/strong><br>Sim, quase todos permitem que voc\u00ea salve e compartilhe as simula\u00e7\u00f5es nas redes sociais ou at\u00e9 mostre para seu cabeleireiro.<\/p>\n\n\n\n<h3 class=\"wp-block-heading\">Arrase na Escolha do Novo Visual!<\/h3>\n\n\n\n<p>Com esses aplicativos, testar cortes curtos ficou muito mais f\u00e1cil e divertido. Agora voc\u00ea pode visualizar o resultado antes de cortar e at\u00e9 pedir opini\u00f5es para amigos e familiares. Aproveite para tirar uma foto com boa ilumina\u00e7\u00e3o e experimente os ajustes para garantir a melhor simula\u00e7\u00e3o. Depois, \u00e9 s\u00f3 mostrar para seu cabeleireiro e arrasar no novo look!<\/p>\n","protected":false},"excerpt":{"rendered":"<p>Pensando em dar uma renovada no visual e apostar em um corte de cabelo curto? Hoje em dia, voc\u00ea pode testar como ficaria com o novo estilo antes de encarar a tesoura! V\u00e1rios aplicativos permitem simula\u00e7\u00f5es super realistas, mostrando como o corte curto pode valorizar seu rosto. Vamos conferir alguns dos melhores apps para experimentar&hellip;&nbsp;<a href=\"https:\/\/aantenada.com.br\/index.php\/conheca-os-apps-mais-legais-para-testar-cortes-de-cabelo-curto\/\" rel=\"bookmark\">Continue a ler &raquo;<span class=\"screen-reader-text\">Conhe\u00e7a os Apps mais Legais para Testar Cortes de Cabelo Curto<\/span><\/a><\/p>\n","protected":false},"author":1,"featured_media":0,"parent":0,"menu_order":0,"comment_status":"closed","ping_status":"closed","template":"","meta":{"neve_meta_sidebar":"","neve_meta_container":"","neve_meta_enable_content_width":"","neve_meta_content_width":0,"neve_meta_title_alignment":"","neve_meta_author_avatar":"","neve_post_elements_order":"","neve_meta_disable_header":"","neve_meta_disable_footer":"","neve_meta_disable_title":"","footnotes":""},"class_list":["post-8501","page","type-page","status-publish","hentry"],"yoast_head":"<!-- This site is optimized with the Yoast SEO plugin v27.3 - https:\/\/yoast.com\/product\/yoast-seo-wordpress\/ -->\n<title>Conhe\u00e7a os Apps mais Legais para Testar Cortes de Cabelo Curto -<\/title>\n<meta name=\"robots\" content=\"index, follow, max-snippet:-1, max-image-preview:large, max-video-preview:-1\" \/>\n<link rel=\"canonical\" href=\"https:\/\/aantenada.com.br\/index.php\/conheca-os-apps-mais-legais-para-testar-cortes-de-cabelo-curto\/\" \/>\n<meta property=\"og:locale\" content=\"pt_BR\" \/>\n<meta property=\"og:type\" content=\"article\" \/>\n<meta property=\"og:title\" content=\"Conhe\u00e7a os Apps mais Legais para Testar Cortes de Cabelo Curto -\" \/>\n<meta property=\"og:description\" content=\"Pensando em dar uma renovada no visual e apostar em um corte de cabelo curto? Hoje em dia, voc\u00ea pode testar como ficaria com o novo estilo antes de encarar a tesoura! V\u00e1rios aplicativos permitem simula\u00e7\u00f5es super realistas, mostrando como o corte curto pode valorizar seu rosto. Vamos conferir alguns dos melhores apps para experimentar&hellip;&nbsp;Continue a ler &raquo;Conhe\u00e7a os Apps mais Legais para Testar Cortes de Cabelo Curto\" \/>\n<meta property=\"og:url\" content=\"https:\/\/aantenada.com.br\/index.php\/conheca-os-apps-mais-legais-para-testar-cortes-de-cabelo-curto\/\" \/>\n<meta property=\"article:publisher\" content=\"https:\/\/www.facebook.com\/profile.php?id=100092620668940\" \/>\n<meta property=\"article:modified_time\" content=\"2024-11-09T01:31:28+00:00\" \/>\n<meta name=\"twitter:card\" content=\"summary_large_image\" \/>\n<meta name=\"twitter:site\" content=\"@aantenadablog\" \/>\n<meta name=\"twitter:label1\" content=\"Est. tempo de leitura\" \/>\n\t<meta name=\"twitter:data1\" content=\"5 minutos\" \/>\n<script type=\"application\/ld+json\" class=\"yoast-schema-graph\">{\"@context\":\"https:\\\/\\\/schema.org\",\"@graph\":[{\"@type\":\"WebPage\",\"@id\":\"https:\\\/\\\/aantenada.com.br\\\/index.php\\\/conheca-os-apps-mais-legais-para-testar-cortes-de-cabelo-curto\\\/\",\"url\":\"https:\\\/\\\/aantenada.com.br\\\/index.php\\\/conheca-os-apps-mais-legais-para-testar-cortes-de-cabelo-curto\\\/\",\"name\":\"Conhe\u00e7a os Apps mais Legais para Testar Cortes de Cabelo Curto -\",\"isPartOf\":{\"@id\":\"https:\\\/\\\/aantenada.com.br\\\/#website\"},\"datePublished\":\"2024-11-08T23:29:02+00:00\",\"dateModified\":\"2024-11-09T01:31:28+00:00\",\"breadcrumb\":{\"@id\":\"https:\\\/\\\/aantenada.com.br\\\/index.php\\\/conheca-os-apps-mais-legais-para-testar-cortes-de-cabelo-curto\\\/#breadcrumb\"},\"inLanguage\":\"pt-BR\",\"potentialAction\":[{\"@type\":\"ReadAction\",\"target\":[\"https:\\\/\\\/aantenada.com.br\\\/index.php\\\/conheca-os-apps-mais-legais-para-testar-cortes-de-cabelo-curto\\\/\"]}]},{\"@type\":\"BreadcrumbList\",\"@id\":\"https:\\\/\\\/aantenada.com.br\\\/index.php\\\/conheca-os-apps-mais-legais-para-testar-cortes-de-cabelo-curto\\\/#breadcrumb\",\"itemListElement\":[{\"@type\":\"ListItem\",\"position\":1,\"name\":\"In\u00edcio\",\"item\":\"https:\\\/\\\/aantenada.com.br\\\/\"},{\"@type\":\"ListItem\",\"position\":2,\"name\":\"Conhe\u00e7a os Apps mais Legais para Testar Cortes de Cabelo Curto\"}]},{\"@type\":\"WebSite\",\"@id\":\"https:\\\/\\\/aantenada.com.br\\\/#website\",\"url\":\"https:\\\/\\\/aantenada.com.br\\\/\",\"name\":\"\",\"description\":\"Seu portal de moda, beleza, entretenimento e estilo de vida\",\"publisher\":{\"@id\":\"https:\\\/\\\/aantenada.com.br\\\/#\\\/schema\\\/person\\\/ec03ee8eb0870d93005a89d09ed349fa\"},\"potentialAction\":[{\"@type\":\"SearchAction\",\"target\":{\"@type\":\"EntryPoint\",\"urlTemplate\":\"https:\\\/\\\/aantenada.com.br\\\/?s={search_term_string}\"},\"query-input\":{\"@type\":\"PropertyValueSpecification\",\"valueRequired\":true,\"valueName\":\"search_term_string\"}}],\"inLanguage\":\"pt-BR\"},{\"@type\":[\"Person\",\"Organization\"],\"@id\":\"https:\\\/\\\/aantenada.com.br\\\/#\\\/schema\\\/person\\\/ec03ee8eb0870d93005a89d09ed349fa\",\"name\":\"Liliane\",\"image\":{\"@type\":\"ImageObject\",\"inLanguage\":\"pt-BR\",\"@id\":\"https:\\\/\\\/aantenada.com.br\\\/wp-content\\\/uploads\\\/2023\\\/05\\\/Logo.png\",\"url\":\"https:\\\/\\\/aantenada.com.br\\\/wp-content\\\/uploads\\\/2023\\\/05\\\/Logo.png\",\"contentUrl\":\"https:\\\/\\\/aantenada.com.br\\\/wp-content\\\/uploads\\\/2023\\\/05\\\/Logo.png\",\"width\":407,\"height\":257,\"caption\":\"Liliane\"},\"logo\":{\"@id\":\"https:\\\/\\\/aantenada.com.br\\\/wp-content\\\/uploads\\\/2023\\\/05\\\/Logo.png\"},\"sameAs\":[\"http:\\\/\\\/aantenada.com.br\",\"https:\\\/\\\/www.facebook.com\\\/profile.php?id=100092620668940\",\"https:\\\/\\\/www.instagram.com\\\/aantenadablog\\\/\",\"https:\\\/\\\/br.pinterest.com\\\/aantenadafashionblog\\\/\",\"https:\\\/\\\/x.com\\\/https:\\\/\\\/twitter.com\\\/aantenadablog\"]}]}<\/script>\n<!-- \/ Yoast SEO plugin. -->","yoast_head_json":{"title":"Conhe\u00e7a os Apps mais Legais para Testar Cortes de Cabelo Curto -","robots":{"index":"index","follow":"follow","max-snippet":"max-snippet:-1","max-image-preview":"max-image-preview:large","max-video-preview":"max-video-preview:-1"},"canonical":"https:\/\/aantenada.com.br\/index.php\/conheca-os-apps-mais-legais-para-testar-cortes-de-cabelo-curto\/","og_locale":"pt_BR","og_type":"article","og_title":"Conhe\u00e7a os Apps mais Legais para Testar Cortes de Cabelo Curto -","og_description":"Pensando em dar uma renovada no visual e apostar em um corte de cabelo curto? Hoje em dia, voc\u00ea pode testar como ficaria com o novo estilo antes de encarar a tesoura! V\u00e1rios aplicativos permitem simula\u00e7\u00f5es super realistas, mostrando como o corte curto pode valorizar seu rosto. Vamos conferir alguns dos melhores apps para experimentar&hellip;&nbsp;Continue a ler &raquo;Conhe\u00e7a os Apps mais Legais para Testar Cortes de Cabelo Curto","og_url":"https:\/\/aantenada.com.br\/index.php\/conheca-os-apps-mais-legais-para-testar-cortes-de-cabelo-curto\/","article_publisher":"https:\/\/www.facebook.com\/profile.php?id=100092620668940","article_modified_time":"2024-11-09T01:31:28+00:00","twitter_card":"summary_large_image","twitter_site":"@aantenadablog","twitter_misc":{"Est. tempo de leitura":"5 minutos"},"schema":{"@context":"https:\/\/schema.org","@graph":[{"@type":"WebPage","@id":"https:\/\/aantenada.com.br\/index.php\/conheca-os-apps-mais-legais-para-testar-cortes-de-cabelo-curto\/","url":"https:\/\/aantenada.com.br\/index.php\/conheca-os-apps-mais-legais-para-testar-cortes-de-cabelo-curto\/","name":"Conhe\u00e7a os Apps mais Legais para Testar Cortes de Cabelo Curto -","isPartOf":{"@id":"https:\/\/aantenada.com.br\/#website"},"datePublished":"2024-11-08T23:29:02+00:00","dateModified":"2024-11-09T01:31:28+00:00","breadcrumb":{"@id":"https:\/\/aantenada.com.br\/index.php\/conheca-os-apps-mais-legais-para-testar-cortes-de-cabelo-curto\/#breadcrumb"},"inLanguage":"pt-BR","potentialAction":[{"@type":"ReadAction","target":["https:\/\/aantenada.com.br\/index.php\/conheca-os-apps-mais-legais-para-testar-cortes-de-cabelo-curto\/"]}]},{"@type":"BreadcrumbList","@id":"https:\/\/aantenada.com.br\/index.php\/conheca-os-apps-mais-legais-para-testar-cortes-de-cabelo-curto\/#breadcrumb","itemListElement":[{"@type":"ListItem","position":1,"name":"In\u00edcio","item":"https:\/\/aantenada.com.br\/"},{"@type":"ListItem","position":2,"name":"Conhe\u00e7a os Apps mais Legais para Testar Cortes de Cabelo Curto"}]},{"@type":"WebSite","@id":"https:\/\/aantenada.com.br\/#website","url":"https:\/\/aantenada.com.br\/","name":"","description":"Seu portal de moda, beleza, entretenimento e estilo de vida","publisher":{"@id":"https:\/\/aantenada.com.br\/#\/schema\/person\/ec03ee8eb0870d93005a89d09ed349fa"},"potentialAction":[{"@type":"SearchAction","target":{"@type":"EntryPoint","urlTemplate":"https:\/\/aantenada.com.br\/?s={search_term_string}"},"query-input":{"@type":"PropertyValueSpecification","valueRequired":true,"valueName":"search_term_string"}}],"inLanguage":"pt-BR"},{"@type":["Person","Organization"],"@id":"https:\/\/aantenada.com.br\/#\/schema\/person\/ec03ee8eb0870d93005a89d09ed349fa","name":"Liliane","image":{"@type":"ImageObject","inLanguage":"pt-BR","@id":"https:\/\/aantenada.com.br\/wp-content\/uploads\/2023\/05\/Logo.png","url":"https:\/\/aantenada.com.br\/wp-content\/uploads\/2023\/05\/Logo.png","contentUrl":"https:\/\/aantenada.com.br\/wp-content\/uploads\/2023\/05\/Logo.png","width":407,"height":257,"caption":"Liliane"},"logo":{"@id":"https:\/\/aantenada.com.br\/wp-content\/uploads\/2023\/05\/Logo.png"},"sameAs":["http:\/\/aantenada.com.br","https:\/\/www.facebook.com\/profile.php?id=100092620668940","https:\/\/www.instagram.com\/aantenadablog\/","https:\/\/br.pinterest.com\/aantenadafashionblog\/","https:\/\/x.com\/https:\/\/twitter.com\/aantenadablog"]}]}},"_links":{"self":[{"href":"https:\/\/aantenada.com.br\/index.php\/wp-json\/wp\/v2\/pages\/8501","targetHints":{"allow":["GET"]}}],"collection":[{"href":"https:\/\/aantenada.com.br\/index.php\/wp-json\/wp\/v2\/pages"}],"about":[{"href":"https:\/\/aantenada.com.br\/index.php\/wp-json\/wp\/v2\/types\/page"}],"author":[{"embeddable":true,"href":"https:\/\/aantenada.com.br\/index.php\/wp-json\/wp\/v2\/users\/1"}],"replies":[{"embeddable":true,"href":"https:\/\/aantenada.com.br\/index.php\/wp-json\/wp\/v2\/comments?post=8501"}],"version-history":[{"count":6,"href":"https:\/\/aantenada.com.br\/index.php\/wp-json\/wp\/v2\/pages\/8501\/revisions"}],"predecessor-version":[{"id":8531,"href":"https:\/\/aantenada.com.br\/index.php\/wp-json\/wp\/v2\/pages\/8501\/revisions\/8531"}],"wp:attachment":[{"href":"https:\/\/aantenada.com.br\/index.php\/wp-json\/wp\/v2\/media?parent=8501"}],"curies":[{"name":"wp","href":"https:\/\/api.w.org\/{rel}","templated":true}]}}